{"id":401,"date":"2025-02-08T11:01:04","date_gmt":"2025-02-08T10:01:04","guid":{"rendered":"https:\/\/www.gaudeteaix.fr\/gaudete\/?page_id=401"},"modified":"2025-03-04T21:20:52","modified_gmt":"2025-03-04T20:20:52","slug":"choeur-gregorien","status":"publish","type":"page","link":"https:\/\/www.gaudeteaix.fr\/gaudete\/choeur-gregorien\/","title":{"rendered":"Ch\u0153ur gr\u00e9gorien"},"content":{"rendered":"\n<p>L&rsquo;ensemble Gaudete comporte un choeur gr\u00e9gorien d&rsquo;hommes qui a son si\u00e8ge \u00e0 la cath\u00e9drale d&rsquo;Aix-en-Provence depuis 2014. <\/p>\n\n\n\n<p>Il participe r\u00e9guli\u00e8rement \u00e0 la liturgie de la cath\u00e9drale en chantant r\u00e9guli\u00e8rement les intro\u00efts et autres pi\u00e8ces du r\u00e9pertoire aux messes dominicales et les jours de f\u00eate. <\/p>\n\n\n\n<p>Il donne des concerts, avec l&rsquo;ensemble vocal mixte mais aussi avec des organistes. Le dernier en date a \u00e9t\u00e9 donn\u00e9 au festival de l&rsquo;abbaye de Frigolet le 9 mai 2024 avec Gr\u00e9goire Rolland. <\/p>\n\n\n\n<p>Il a particip\u00e9, avec Gr\u00e9goire Rolland, \u00e0 l&rsquo;enregistrement d&rsquo;un CD \u00ab\u00a0Les sacrements\u00a0\u00bb en 2020. <\/p>\n\n\n\n<figure class=\"wp-block-image size-large\"><img loading=\"lazy\" decoding=\"async\" width=\"1024\" height=\"682\" src=\"https:\/\/www.gaudeteaix.fr\/gaudete\/wp-content\/uploads\/2025\/02\/1060997-001-1024x682.jpg\" alt=\"\" class=\"wp-image-402\" srcset=\"https:\/\/www.gaudeteaix.fr\/gaudete\/wp-content\/uploads\/2025\/02\/1060997-001-1024x682.jpg 1024w, https:\/\/www.gaudeteaix.fr\/gaudete\/wp-content\/uploads\/2025\/02\/1060997-001-300x200.jpg 300w, https:\/\/www.gaudeteaix.fr\/gaudete\/wp-content\/uploads\/2025\/02\/1060997-001-768x512.jpg 768w, https:\/\/www.gaudeteaix.fr\/gaudete\/wp-content\/uploads\/2025\/02\/1060997-001-1536x1024.jpg 1536w, https:\/\/www.gaudeteaix.fr\/gaudete\/wp-content\/uploads\/2025\/02\/1060997-001-2048x1365.jpg 2048w\" sizes=\"auto, (max-width: 767px) 89vw, (max-width: 1000px) 54vw, (max-width: 1071px) 543px, 580px\" \/><\/figure>\n\n\n\n<p><\/p>\n","protected":false},"excerpt":{"rendered":"<p>L&rsquo;ensemble Gaudete comporte un choeur gr\u00e9gorien d&rsquo;hommes qui a son si\u00e8ge \u00e0 la cath\u00e9drale d&rsquo;Aix-en-Provence depuis 2014. Il participe r\u00e9guli\u00e8rement \u00e0 la liturgie de la cath\u00e9drale en chantant r\u00e9guli\u00e8rement les intro\u00efts et autres pi\u00e8ces du r\u00e9pertoire aux messes dominicales et les jours de f\u00eate. Il donne des concerts, avec l&rsquo;ensemble vocal mixte mais aussi avec &hellip; <\/p>\n<p class=\"link-more\"><a href=\"https:\/\/www.gaudeteaix.fr\/gaudete\/choeur-gregorien\/\" class=\"more-link\">Continuer la lecture<span class=\"screen-reader-text\"> de &laquo;&nbsp;Ch\u0153ur gr\u00e9gorien&nbsp;&raquo;<\/span><\/a><\/p>\n","protected":false},"author":2,"featured_media":417,"parent":0,"menu_order":0,"comment_status":"closed","ping_status":"closed","template":"","meta":{"footnotes":""},"class_list":["post-401","page","type-page","status-publish","has-post-thumbnail","hentry"],"_links":{"self":[{"href":"https:\/\/www.gaudeteaix.fr\/gaudete\/wp-json\/wp\/v2\/pages\/401","targetHints":{"allow":["GET"]}}],"collection":[{"href":"https:\/\/www.gaudeteaix.fr\/gaudete\/wp-json\/wp\/v2\/pages"}],"about":[{"href":"https:\/\/www.gaudeteaix.fr\/gaudete\/wp-json\/wp\/v2\/types\/page"}],"author":[{"embeddable":true,"href":"https:\/\/www.gaudeteaix.fr\/gaudete\/wp-json\/wp\/v2\/users\/2"}],"replies":[{"embeddable":true,"href":"https:\/\/www.gaudeteaix.fr\/gaudete\/wp-json\/wp\/v2\/comments?post=401"}],"version-history":[{"count":3,"href":"https:\/\/www.gaudeteaix.fr\/gaudete\/wp-json\/wp\/v2\/pages\/401\/revisions"}],"predecessor-version":[{"id":407,"href":"https:\/\/www.gaudeteaix.fr\/gaudete\/wp-json\/wp\/v2\/pages\/401\/revisions\/407"}],"wp:featuredmedia":[{"embeddable":true,"href":"https:\/\/www.gaudeteaix.fr\/gaudete\/wp-json\/wp\/v2\/media\/417"}],"wp:attachment":[{"href":"https:\/\/www.gaudeteaix.fr\/gaudete\/wp-json\/wp\/v2\/media?parent=401"}],"curies":[{"name":"wp","href":"https:\/\/api.w.org\/{rel}","templated":true}]}}