{"id":53,"date":"2019-08-27T18:29:02","date_gmt":"2019-08-27T16:29:02","guid":{"rendered":"http:\/\/www.gaudeteaix.fr\/gaudete\/?page_id=53"},"modified":"2025-02-08T10:14:23","modified_gmt":"2025-02-08T09:14:23","slug":"les-membres","status":"publish","type":"page","link":"https:\/\/www.gaudeteaix.fr\/gaudete\/les-membres\/","title":{"rendered":"Les membres"},"content":{"rendered":"\n<p>L\u2019effectif de l\u2019ensemble est variable suivant le r\u00e9pertoire envisag\u00e9. Il comporte cependant des membres permanents.&nbsp;Chanteurs et musiciens, si vous souhaitez nous rejoindre, contactez notre chef (coordonn\u00e9es en bas de page)<\/p>\n\n\n\n<p><strong><em>Composition de l\u2019ensemble vocal :&nbsp;<\/em><\/strong><\/p>\n\n\n\n<p>Soprane : Sylvie Gu\u00e9rin, C\u00e9line Urbaniak, Catherine Chabert, Elise Ridolfi<br>Alti : B\u00e9atrice Estienne, Mich\u00e8le de Salve, Jocelyne Reynouard<br>T\u00e9nors : Thierry Gallay, Jacques Losse, Denis Rochard, J\u00e9r\u00f4me Fabiani (baryton)<br>Basses : Laurent David, Thierry Dulon, Jean-Didier Hannebert, Fr\u00e9d\u00e9ric Imbeaux, <\/p>\n\n\n\n<p><em><strong>Composition de l\u2019ensemble instrumental :<\/strong>&nbsp;<\/em><\/p>\n\n\n\n<p>Violons : Benjamin Esterni, Jean-Pierre Roubin, St\u00e9phane Pinto (webmaster), Laurent Colas, Andr\u00e9 Barra, Didier Schneider, Anne-Laure Pintos, Odile Marechaux, Fran\u00e7ois-Xavier Rozen <br>Alto : Bruno Girard, Anne-Marie Abrard, Florence Gattacceca<br>Violoncelle : Marie-Laure Magnan, Maud Andrieux, Isabelle Antunes, Denis Rochard<br>Hautbois : Marc-Henri Sautenet, Laurent Th\u00e9nard <br>Fl\u00fbtes : Claire Beraud, Pascal Martel<br>Luth, archiluth, th\u00e9orbe et guitare baroque : Christophe Bernard <br>Orgue : Bernard G\u00e9ly<\/p>\n\n\n\n<p><\/p>\n\n\n\n<p><strong><em>Les r\u00e9p\u00e9titions:<\/em><\/strong><\/p>\n\n\n\n<p>Le jeudi \u00e0 20h30 pour les musiciens, le vendredi \u00e0 20h30 pour les choristes en l&rsquo;\u00e9glise de Couteron, lieu dit Font Rousse.<\/p>\n\n\n\n<div class=\"wp-block-columns has-2-columns is-layout-flex wp-container-core-columns-is-layout-9d6595d7 wp-block-columns-is-layout-flex\">\n<div class=\"wp-block-column is-layout-flow wp-block-column-is-layout-flow\">\n<iframe loading=\"lazy\" src=\"https:\/\/www.google.com\/maps\/embed?pb=!1m18!1m12!1m3!1d3436.044928559614!2d5.443857684636721!3d43.59908992502682!2m3!1f0!2f0!3f0!3m2!1i1024!2i768!4f13.1!3m3!1m2!1s0x0%3A0x0!2zNDPCsDM1JzU2LjYiTiA1wrAyNic0Mi41IkU!5e0!3m2!1sfr!2sfr!4v1567080408478!5m2!1sfr!2sfr\" style=\"border:0;\" allowfullscreen=\"\" width=\"400\" height=\"300\" frameborder=\"0\"><\/iframe>\n<\/div>\n\n\n\n<div class=\"wp-block-column is-layout-flow wp-block-column-is-layout-flow\">\n<figure class=\"wp-block-image is-resized\"><img loading=\"lazy\" decoding=\"async\" width=\"450\" height=\"600\" src=\"http:\/\/www.gaudeteaix.fr\/gaudete\/wp-content\/uploads\/2019\/08\/eglisecouteron.jpg\" alt=\"\" class=\"wp-image-16\" style=\"width:228px;height:303px\" srcset=\"https:\/\/www.gaudeteaix.fr\/gaudete\/wp-content\/uploads\/2019\/08\/eglisecouteron.jpg 450w, https:\/\/www.gaudeteaix.fr\/gaudete\/wp-content\/uploads\/2019\/08\/eglisecouteron-225x300.jpg 225w\" sizes=\"auto, (max-width: 450px) 100vw, 450px\" \/><\/figure>\n<\/div>\n<\/div>\n\n\n\n<figure class=\"wp-block-image size-large\"><img loading=\"lazy\" decoding=\"async\" width=\"1024\" height=\"768\" src=\"https:\/\/www.gaudeteaix.fr\/gaudete\/wp-content\/uploads\/2025\/02\/Orchestre-Gaudete-14-mai-2023-1024x768.jpg\" alt=\"\" class=\"wp-image-398\" srcset=\"https:\/\/www.gaudeteaix.fr\/gaudete\/wp-content\/uploads\/2025\/02\/Orchestre-Gaudete-14-mai-2023-1024x768.jpg 1024w, https:\/\/www.gaudeteaix.fr\/gaudete\/wp-content\/uploads\/2025\/02\/Orchestre-Gaudete-14-mai-2023-300x225.jpg 300w, https:\/\/www.gaudeteaix.fr\/gaudete\/wp-content\/uploads\/2025\/02\/Orchestre-Gaudete-14-mai-2023-768x576.jpg 768w, https:\/\/www.gaudeteaix.fr\/gaudete\/wp-content\/uploads\/2025\/02\/Orchestre-Gaudete-14-mai-2023-1536x1152.jpg 1536w, https:\/\/www.gaudeteaix.fr\/gaudete\/wp-content\/uploads\/2025\/02\/Orchestre-Gaudete-14-mai-2023-2048x1536.jpg 2048w\" sizes=\"auto, (max-width: 767px) 89vw, (max-width: 1000px) 54vw, (max-width: 1071px) 543px, 580px\" \/><\/figure>\n\n\n\n<figure class=\"wp-block-image size-large\"><img loading=\"lazy\" decoding=\"async\" width=\"1024\" height=\"768\" src=\"https:\/\/www.gaudeteaix.fr\/gaudete\/wp-content\/uploads\/2025\/02\/IMG-20240425-WA0000-1024x768.jpg\" alt=\"\" class=\"wp-image-399\" srcset=\"https:\/\/www.gaudeteaix.fr\/gaudete\/wp-content\/uploads\/2025\/02\/IMG-20240425-WA0000-1024x768.jpg 1024w, https:\/\/www.gaudeteaix.fr\/gaudete\/wp-content\/uploads\/2025\/02\/IMG-20240425-WA0000-300x225.jpg 300w, https:\/\/www.gaudeteaix.fr\/gaudete\/wp-content\/uploads\/2025\/02\/IMG-20240425-WA0000-768x576.jpg 768w, https:\/\/www.gaudeteaix.fr\/gaudete\/wp-content\/uploads\/2025\/02\/IMG-20240425-WA0000-1536x1152.jpg 1536w, https:\/\/www.gaudeteaix.fr\/gaudete\/wp-content\/uploads\/2025\/02\/IMG-20240425-WA0000.jpg 1600w\" sizes=\"auto, (max-width: 767px) 89vw, (max-width: 1000px) 54vw, (max-width: 1071px) 543px, 580px\" \/><\/figure>\n","protected":false},"excerpt":{"rendered":"<p>L\u2019effectif de l\u2019ensemble est variable suivant le r\u00e9pertoire envisag\u00e9. Il comporte cependant des membres permanents.&nbsp;Chanteurs et musiciens, si vous souhaitez nous rejoindre, contactez notre chef (coordonn\u00e9es en bas de page) Composition de l\u2019ensemble vocal :&nbsp; Soprane : Sylvie Gu\u00e9rin, C\u00e9line Urbaniak, Catherine Chabert, Elise RidolfiAlti : B\u00e9atrice Estienne, Mich\u00e8le de Salve, Jocelyne ReynouardT\u00e9nors : Thierry &hellip; <\/p>\n<p class=\"link-more\"><a href=\"https:\/\/www.gaudeteaix.fr\/gaudete\/les-membres\/\" class=\"more-link\">Continuer la lecture<span class=\"screen-reader-text\"> de &laquo;&nbsp;Les membres&nbsp;&raquo;<\/span><\/a><\/p>\n","protected":false},"author":1,"featured_media":50,"parent":0,"menu_order":0,"comment_status":"closed","ping_status":"closed","template":"","meta":{"footnotes":""},"class_list":["post-53","page","type-page","status-publish","has-post-thumbnail","hentry"],"_links":{"self":[{"href":"https:\/\/www.gaudeteaix.fr\/gaudete\/wp-json\/wp\/v2\/pages\/53","targetHints":{"allow":["GET"]}}],"collection":[{"href":"https:\/\/www.gaudeteaix.fr\/gaudete\/wp-json\/wp\/v2\/pages"}],"about":[{"href":"https:\/\/www.gaudeteaix.fr\/gaudete\/wp-json\/wp\/v2\/types\/page"}],"author":[{"embeddable":true,"href":"https:\/\/www.gaudeteaix.fr\/gaudete\/wp-json\/wp\/v2\/users\/1"}],"replies":[{"embeddable":true,"href":"https:\/\/www.gaudeteaix.fr\/gaudete\/wp-json\/wp\/v2\/comments?post=53"}],"version-history":[{"count":10,"href":"https:\/\/www.gaudeteaix.fr\/gaudete\/wp-json\/wp\/v2\/pages\/53\/revisions"}],"predecessor-version":[{"id":400,"href":"https:\/\/www.gaudeteaix.fr\/gaudete\/wp-json\/wp\/v2\/pages\/53\/revisions\/400"}],"wp:featuredmedia":[{"embeddable":true,"href":"https:\/\/www.gaudeteaix.fr\/gaudete\/wp-json\/wp\/v2\/media\/50"}],"wp:attachment":[{"href":"https:\/\/www.gaudeteaix.fr\/gaudete\/wp-json\/wp\/v2\/media?parent=53"}],"curies":[{"name":"wp","href":"https:\/\/api.w.org\/{rel}","templated":true}]}}