{"id":8,"date":"2019-08-27T12:46:41","date_gmt":"2019-08-27T10:46:41","guid":{"rendered":"http:\/\/www.gaudeteaix.fr\/gaudete\/?page_id=8"},"modified":"2025-02-08T09:44:41","modified_gmt":"2025-02-08T08:44:41","slug":"accueil","status":"publish","type":"page","link":"https:\/\/www.gaudeteaix.fr\/gaudete\/","title":{"rendered":"L&rsquo;ensemble"},"content":{"rendered":"<p><strong>L\u2019ensemble vocal et instrumental GAUDETE<\/strong> est n\u00e9 \u00e0 la cath\u00e9drale d\u2019Aix, en 1992, d\u2019un groupe de chanteurs et d\u2019animateurs liturgiques. Il s\u2019est sp\u00e9cialis\u00e9 dans la musique sacr\u00e9e, du Moyen-\u00e2ge \u00e0 la p\u00e9riode baroque, mais n\u2019h\u00e9site pas \u00e0 faire des incursions dans le r\u00e9pertoire contemporain.<\/p>\n<p>Il a \u00e0 c\u0153ur de restaurer des pi\u00e8ces anciennes, issues du r\u00e9pertoire proven\u00e7al (chant gr\u00e9gorien, renaissance ou baroque) \u00e0 partir de manuscrits.<\/p>\n<p>L\u2019ensemble anime des c\u00e9r\u00e9monies \u00e0 la cath\u00e9drale d\u2019Aix, au moins deux fois par an, pour le 3<sup>\u00e8me<\/sup>&nbsp;dimanche de l\u2019avent, dit de \u00ab&nbsp;Gaudete&nbsp;\u00bb, et un dimanche de juillet, pendant le festival d\u2019art lyrique.<\/p>\n<p>Il a particip\u00e9 \u00e0 des c\u00e9r\u00e9monies plus exceptionnelles, comme la messe du 600<sup>\u00e8me<\/sup>&nbsp;anniversaire de l\u2019Universit\u00e9 d\u2019Aix, en 2009.<\/p>\n<p>Le groupe se r\u00e9unit en stage chaque \u00e9t\u00e9, au mois d\u2019ao\u00fbt, \u00e0 l\u2019abbaye Saint Hilaire, dans le Luberon.<\/p>\n<p>L\u2019ensemble s\u2019est constitu\u00e9 officiellement en association en 2010.<\/p>\n\n\n<p>L&rsquo;orchestre participe aux prestations de l&rsquo;ensemble vocal mais se donne \u00e9galement en concert sur des \u0153uvres purement orchestrales, \u00e9ventuellement pour soliste et orchestre. <\/p>\n","protected":false},"excerpt":{"rendered":"<p>L\u2019ensemble vocal et instrumental GAUDETE est n\u00e9 \u00e0 la cath\u00e9drale d\u2019Aix, en 1992, d\u2019un groupe de chanteurs et d\u2019animateurs liturgiques. Il s\u2019est sp\u00e9cialis\u00e9 dans la musique sacr\u00e9e, du Moyen-\u00e2ge \u00e0 la p\u00e9riode baroque, mais n\u2019h\u00e9site pas \u00e0 faire des incursions dans le r\u00e9pertoire contemporain. Il a \u00e0 c\u0153ur de restaurer des pi\u00e8ces anciennes, issues du &hellip; <\/p>\n<p class=\"link-more\"><a href=\"https:\/\/www.gaudeteaix.fr\/gaudete\/\" class=\"more-link\">Continuer la lecture<span class=\"screen-reader-text\"> de &laquo;&nbsp;L&rsquo;ensemble&nbsp;&raquo;<\/span><\/a><\/p>\n","protected":false},"author":1,"featured_media":79,"parent":0,"menu_order":0,"comment_status":"closed","ping_status":"closed","template":"","meta":{"footnotes":""},"class_list":["post-8","page","type-page","status-publish","has-post-thumbnail","hentry"],"_links":{"self":[{"href":"https:\/\/www.gaudeteaix.fr\/gaudete\/wp-json\/wp\/v2\/pages\/8","targetHints":{"allow":["GET"]}}],"collection":[{"href":"https:\/\/www.gaudeteaix.fr\/gaudete\/wp-json\/wp\/v2\/pages"}],"about":[{"href":"https:\/\/www.gaudeteaix.fr\/gaudete\/wp-json\/wp\/v2\/types\/page"}],"author":[{"embeddable":true,"href":"https:\/\/www.gaudeteaix.fr\/gaudete\/wp-json\/wp\/v2\/users\/1"}],"replies":[{"embeddable":true,"href":"https:\/\/www.gaudeteaix.fr\/gaudete\/wp-json\/wp\/v2\/comments?post=8"}],"version-history":[{"count":8,"href":"https:\/\/www.gaudeteaix.fr\/gaudete\/wp-json\/wp\/v2\/pages\/8\/revisions"}],"predecessor-version":[{"id":393,"href":"https:\/\/www.gaudeteaix.fr\/gaudete\/wp-json\/wp\/v2\/pages\/8\/revisions\/393"}],"wp:featuredmedia":[{"embeddable":true,"href":"https:\/\/www.gaudeteaix.fr\/gaudete\/wp-json\/wp\/v2\/media\/79"}],"wp:attachment":[{"href":"https:\/\/www.gaudeteaix.fr\/gaudete\/wp-json\/wp\/v2\/media?parent=8"}],"curies":[{"name":"wp","href":"https:\/\/api.w.org\/{rel}","templated":true}]}}